{"id":197,"date":"2015-11-05T14:05:51","date_gmt":"2015-11-05T12:05:51","guid":{"rendered":"http:\/\/new.mariabofill.com\/?page_id=197"},"modified":"2015-11-05T14:06:01","modified_gmt":"2015-11-05T12:06:01","slug":"magazines-and-publications","status":"publish","type":"page","link":"https:\/\/mariabofill.com\/en\/magazines-and-publications\/","title":{"rendered":"Magazines and Publications"},"content":{"rendered":"<div style=\"margin: 0 auto; width: 60%;\">\n<p class=\"western\">\u201c<span style=\"font-family: 'Century Gothic', serif;\"><span style=\"font-size: 16px;\">Batik\u201d n\u00ba 44, 1978<\/span><\/span><\/p>\n<p class=\"western\">\u201c<span style=\"font-family: 'Century Gothic', serif;\"><span style=\"font-size: 16px;\">Hogares Modernos\u201d n\u00ba 64, 1971<\/span><\/span><\/p>\n<p class=\"western\">\u201c<span style=\"font-family: 'Century Gothic', serif;\"><span style=\"font-size: 16px;\">Zeta\u201d Facultad de Artes Pl\u00e1sticas, Universidad Veracruzana, Xalapa, Diciembre, 1976<\/span><\/span><\/p>\n<p class=\"western\">\u201c<span style=\"font-family: 'Century Gothic', serif;\"><span style=\"font-size: 16px;\">Ceramics Montly\u201d Desem. 1979; Nov. 1991<\/span><\/span><\/p>\n<p class=\"western\">\u201c<span style=\"font-family: 'Century Gothic', serif;\"><span style=\"font-size: 16px;\">Um\u00e9n\u00ed a remesla\u201d 2, 1981, Czech Republic<\/span><\/span><\/p>\n<p class=\"western\">\u201c<span style=\"font-family: 'Century Gothic', serif;\"><span style=\"font-size: 16px;\">Cer\u00e1mica\u201d n\u00ba 10, 1981; n. 24, 1986; n\u00ba 43, 1989; n\u00ba 85, 2003; n\u00ba 135, 2014<\/span><\/span><\/p>\n<p class=\"western\">\u201c<span style=\"font-family: 'Century Gothic', serif;\"><span style=\"font-size: 16px;\">Bullet\u00ed informatiu de Cer\u00e0mica\u201d n. 28, 1985; n. 40, 1989<\/span><\/span><\/p>\n<p class=\"western\"><span style=\"font-family: 'Century Gothic', serif;\"><span style=\"font-size: 16px;\">Sanchez Pacheco, T.<\/span><\/span><\/p>\n<p class=\"western\"><span style=\"font-family: 'Century Gothic', serif;\"><span style=\"font-size: 16px;\">Corredor Matheos, J.<\/span><\/span><\/p>\n<p class=\"western\"><span style=\"font-family: 'Century Gothic', serif;\"><span style=\"font-size: 16px;\">Presentaci\u00f3 Cat\u00e0leg Exposici\u00f3 Museu de Cer\u00e0mica, Amor\u00f3s, Bofill, Madola, Mart\u00ed Coll,<\/span><\/span><\/p>\n<p class=\"western\"><span style=\"font-family: 'Century Gothic', serif;\"><span style=\"font-size: 16px;\">Barcelona, desembre 1985, gener 1986 <\/span><\/span><\/p>\n<p class=\"western\">\u201c<span style=\"font-family: 'Century Gothic', serif;\"><span style=\"font-size: 16px;\">Negre + Verd\u201d n\u00ba 133, mar\u00e7 1986<\/span><\/span><\/p>\n<p class=\"western\">\u201c<span style=\"font-family: 'Century Gothic', serif;\"><span style=\"font-size: 16px;\">La revue de la c\u00e9ramique et du verre\u201d, n\u00ba 31, 1986; n\u00ba 56, 1991; n\u00ba 70, 1993; n\u00ba 186, 2012<\/span><\/span><\/p>\n<p class=\"western\">\u201c<span style=\"font-family: 'Century Gothic', serif;\"><span style=\"font-size: 16px;\">L\u2019Oeil\u201d, n\u00ba 376, 1986<\/span><\/span><\/p>\n<p class=\"western\">\u201c<span style=\"font-family: 'Century Gothic', serif;\"><span style=\"font-size: 16px;\">Keramic Magazin\u201d, n\u00ba 4, 1988; n\u00ba 3, 2001; n\u00ba 2, 2005<\/span><\/span><\/p>\n<p class=\"western\">\u201c<span style=\"font-family: 'Century Gothic', serif;\"><span style=\"font-size: 16px;\">Inax Booket\u201d, Vol. 8, n\u00ba 3, 1988; Japan<\/span><\/span><\/p>\n<p class=\"western\">\u201c<span style=\"font-family: 'Century Gothic', serif;\"><span style=\"font-size: 16px;\">L\u2019Atelier\u201d, n\u00ba4, 1989<\/span><\/span><\/p>\n<p class=\"western\">\u201c<span style=\"font-family: 'Century Gothic', serif;\"><span style=\"font-size: 16px;\">AD\u201d, n\u00ba 23, 1989<\/span><\/span><\/p>\n<p class=\"western\">\u201c<span style=\"font-family: 'Century Gothic', serif;\"><span style=\"font-size: 16px;\">Serra d\u2019Or, n\u00ba 359, 1989; n\u00ba 387, 1992; n\u00ba 450, 1997<\/span><\/span><\/p>\n<p class=\"western\"><span style=\"font-family: 'Century Gothic', serif;\"><span style=\"font-size: 16px;\">Cat\u00e0leg Exposici\u00f3 \u201cRam\u00f3n Carret\u00e9 ceramista\u201d. Fons del Museu d\u2019Art Modern, <\/span><\/span><\/p>\n<p class=\"western\"><span style=\"font-family: 'Century Gothic', serif;\"><span style=\"font-size: 16px;\">Volum V, Diputaci\u00f3 de Tarragona. 1993 <\/span><\/span><\/p>\n<p class=\"western\">\u201c<span style=\"font-family: 'Century Gothic', serif;\"><span style=\"font-size: 16px;\">Keramische Zeitschrift\u201d, n\u00ba 41, 1989<\/span><\/span><\/p>\n<p class=\"western\">\u201c<span style=\"font-family: 'Century Gothic', serif;\"><span style=\"font-size: 16px;\">Nuevo Estilo\u201d n\u00ba 143, 1990<\/span><\/span><\/p>\n<p class=\"western\">\u201c<span style=\"font-family: 'Century Gothic', serif;\"><span style=\"font-size: 16px;\">Maison et Jardin\u201d n\u00ba 361, 1960<\/span><\/span><\/p>\n<p class=\"western\">\u201c<span style=\"font-family: 'Century Gothic', serif;\"><span style=\"font-size: 16px;\">Ceramic Art and Perception\u201d, n\u00ba 4, 1991; n\u00ba 26, 1996<\/span><\/span><\/p>\n<p class=\"western\">\u201c<span style=\"font-family: 'Century Gothic', serif;\"><span style=\"font-size: 16px;\">Courrier des M\u00e9tiers d\u2019Art. : 145, 1995<\/span><\/span><\/p>\n<p class=\"western\">\u201c<span style=\"font-family: 'Century Gothic', serif;\"><span style=\"font-size: 16px;\">Kunstbeeld\u201d, 3, 1996<\/span><\/span><\/p>\n<p class=\"western\">\u201c<span style=\"font-family: 'Century Gothic', serif;\"><span style=\"font-size: 16px;\">Die Vitrine 226\u201d Dezember 1999<\/span><\/span><\/p>\n<p class=\"western\">\u201c<span style=\"font-family: 'Century Gothic', serif;\"><span style=\"font-size: 16px;\">Kerameiki Techni\u201d, n\u00ba 37, April 2001<\/span><\/span><\/p>\n<p class=\"western\">\u201c<span style=\"font-family: 'Century Gothic', serif;\"><span style=\"font-size: 16px;\">El Guia\u201d, n\u00ba 19, 1993<\/span><\/span><\/p>\n<p class=\"western\">\u201c<span style=\"font-family: 'Century Gothic', serif;\"><span style=\"font-size: 16px;\">Cer\u00e1mica Antica\u201d, Maggio 1994<\/span><\/span><\/p>\n<p class=\"western\">\u201c<span style=\"font-family: 'Century Gothic', serif;\"><span style=\"font-size: 16px;\">Studio Potter\u201d, Vol. 23, n\u00ba 2, June 1995<\/span><\/span><\/p>\n<p class=\"western\">\u201c<span style=\"font-family: 'Century Gothic', serif;\"><span style=\"font-size: 16px;\">Critica de Arte\u201d, !15, 1996<\/span><\/span><\/p>\n<p class=\"western\">\u201c<span style=\"font-family: 'Century Gothic', serif;\"><span style=\"font-size: 16px;\">Kunsthandwerk\u201d, September-Oktober, n\u00ba 5, 1998; n\u00ba 3, 2001<\/span><\/span><\/p>\n<p class=\"western\">\u201c<span style=\"font-family: 'Century Gothic', serif;\"><span style=\"font-size: 16px;\">Chinese Potters Newsletter\u201d, n\u00ba 11, spring 2001, n\u00ba 12, summer 2001<\/span><\/span><\/p>\n<p class=\"western\"><span style=\"font-family: 'Century Gothic', serif;\"><span style=\"font-size: 16px;\">Sunyer, Mag\u00ed. Presentaci\u00f3 per el cat\u00e0leg \u201cAigua i Pols de Tarraco\u201d<\/span><\/span><\/p>\n<p class=\"western\"><span style=\"font-family: 'Century Gothic', serif;\"><span style=\"font-size: 16px;\">Museu Nacional Arqueol\u00f2gic de Tarragona, Tarragona 2002<\/span><\/span><\/p>\n<p class=\"western\">\u201c<span style=\"font-family: 'Century Gothic', serif;\"><span style=\"font-size: 16px;\">Conbarro\u201d, n\u00ba 7, n\u00ba 6, 2004<\/span><\/span><\/p>\n<p class=\"western\">\u201c<span style=\"font-family: 'Century Gothic', serif;\"><span style=\"font-size: 16px;\">China Ceramic Artist\u201d, n\u00ba 3, 2008<\/span><\/span><\/p>\n<p class=\"western\">\u201c<span style=\"font-family: 'Century Gothic', serif;\"><span style=\"font-size: 16px;\">terrart\u201d, n\u00ba 34, 2009; n\u00ba 46, 2015<\/span><\/span><\/p>\n<p class=\"western\">\u201c<span style=\"font-family: 'Century Gothic', serif;\"><span style=\"font-size: 16px;\">Dao Clay Form\u201d, n\u00ba 2, 2011<\/span><\/span><\/p>\n<p class=\"western\"><a name=\"_GoBack\"><\/a> \u201c<span style=\"font-family: 'Century Gothic', serif;\"><span style=\"font-size: 16px;\">Esteka\u201d n\u00ba 10, 2011<\/span><\/span><\/p>\n<\/div>\n","protected":false},"excerpt":{"rendered":"<p>\u201cBatik\u201d n\u00ba 44, 1978 \u201cHogares Modernos\u201d n\u00ba 64, 1971 \u201cZeta\u201d Facultad de Artes Pl\u00e1sticas, Universidad Veracruzana, Xalapa, Diciembre, 1976 \u201cCeramics Montly\u201d Desem. 1979; Nov. 1991 \u201cUm\u00e9n\u00ed a remesla\u201d 2, 1981, Czech Republic \u201cCer\u00e1mica\u201d n\u00ba 10, 1981; n. 24, 1986; n\u00ba 43, 1989; n\u00ba 85, 2003; n\u00ba 135, 2014 \u201cBullet\u00ed informatiu de Cer\u00e0mica\u201d n. 28, 1985;&hellip; <a class=\"more-link\" href=\"https:\/\/mariabofill.com\/en\/magazines-and-publications\/\">Continue reading <span class=\"screen-reader-text\">Magazines and Publications<\/span><\/a><\/p>\n","protected":false},"author":1,"featured_media":0,"parent":0,"menu_order":0,"comment_status":"closed","ping_status":"closed","template":"","meta":{"_vp_format_video_url":"","_vp_image_focal_point":[],"footnotes":""},"categories":[],"tags":[],"class_list":["post-197","page","type-page","status-publish","hentry","entry"],"_links":{"self":[{"href":"https:\/\/mariabofill.com\/en\/wp-json\/wp\/v2\/pages\/197"}],"collection":[{"href":"https:\/\/mariabofill.com\/en\/wp-json\/wp\/v2\/pages"}],"about":[{"href":"https:\/\/mariabofill.com\/en\/wp-json\/wp\/v2\/types\/page"}],"author":[{"embeddable":true,"href":"https:\/\/mariabofill.com\/en\/wp-json\/wp\/v2\/users\/1"}],"replies":[{"embeddable":true,"href":"https:\/\/mariabofill.com\/en\/wp-json\/wp\/v2\/comments?post=197"}],"version-history":[{"count":0,"href":"https:\/\/mariabofill.com\/en\/wp-json\/wp\/v2\/pages\/197\/revisions"}],"wp:attachment":[{"href":"https:\/\/mariabofill.com\/en\/wp-json\/wp\/v2\/media?parent=197"}],"wp:term":[{"taxonomy":"category","embeddable":true,"href":"https:\/\/mariabofill.com\/en\/wp-json\/wp\/v2\/categories?post=197"},{"taxonomy":"post_tag","embeddable":true,"href":"https:\/\/mariabofill.com\/en\/wp-json\/wp\/v2\/tags?post=197"}],"curies":[{"name":"wp","href":"https:\/\/api.w.org\/{rel}","templated":true}]}}