{"id":256,"date":"2016-01-26T18:48:53","date_gmt":"2016-01-26T16:48:53","guid":{"rendered":"http:\/\/new.mariabofill.com\/?page_id=256"},"modified":"2016-04-24T19:27:42","modified_gmt":"2016-04-24T17:27:42","slug":"catalogues","status":"publish","type":"page","link":"https:\/\/mariabofill.com\/en\/catalogues\/","title":{"rendered":"Catalogues"},"content":{"rendered":"<div class=\"su-custom-gallery su-custom-gallery-align-left su-custom-gallery-title-hover\"><div class=\"su-custom-gallery-slide\" style=\"width:380px;height:380px\"><a href=\"http:\/\/mariabofill.com\/en\/wp-content\/uploads\/sites\/1\/2016\/01\/20-Cat\u00e1logo-maestros-de-la-cer\u00e1mica-y-sus-esculeas-Mar\u00eda-Bofil-14-11-14-to-1-2-15.pdf\" target=\"_blank\" title=\"Catalogue &#8211; Maestros de la cer\u00e1mica y sus esculeas, Mar\u00eda Bofil &#8211; 14-11-14 to 1-2-15\"><img loading=\"lazy\" decoding=\"async\" src=\"https:\/\/mariabofill.com\/en\/wp-content\/uploads\/sites\/1\/2016\/02\/20-Cat\u00e1logo-maestros-de-la-cer\u00e1mica-y-sus-esculeas-Mar\u00eda-Bofil-14-11-14-to-1-2-15-e1456680678307.jpg\" alt=\"Catalogue &#8211; Maestros de la cer\u00e1mica y sus esculeas, Mar\u00eda Bofil &#8211; 14-11-14 to 1-2-15\" width=\"380\" height=\"380\" \/><span class=\"su-custom-gallery-title\">Catalogue &#8211; Maestros de la cer\u00e1mica y sus esculeas, Mar\u00eda Bofil &#8211; 14-11-14 to 1-2-15<\/span><\/a><\/div><div class=\"su-custom-gallery-slide\" style=\"width:380px;height:380px\"><a href=\"http:\/\/mariabofill.com\/en\/wp-content\/uploads\/sites\/1\/2016\/01\/19-Maria-Bofill-INTERIOR-BAJA-2013.pdf\" target=\"_blank\" title=\"19\u00ba Certamen \u201cSan Agust\u00edn\u201d de Cer\u00e1mica Mar\u00eda Bofill: Arquitectura de paisaje &#8211; 2013\"><img loading=\"lazy\" decoding=\"async\" src=\"https:\/\/mariabofill.com\/en\/wp-content\/uploads\/sites\/1\/2016\/04\/catalog-2013.jpg\" alt=\"19\u00ba Certamen \u201cSan Agust\u00edn\u201d de Cer\u00e1mica Mar\u00eda Bofill: Arquitectura de paisaje &#8211; 2013\" width=\"380\" height=\"380\" \/><span class=\"su-custom-gallery-title\">19\u00ba Certamen \u201cSan Agust\u00edn\u201d de Cer\u00e1mica Mar\u00eda Bofill: Arquitectura de paisaje &#8211; 2013<\/span><\/a><\/div><div class=\"su-custom-gallery-slide\" style=\"width:380px;height:380px\"><a href=\"http:\/\/mariabofill.com\/en\/wp-content\/uploads\/sites\/1\/2016\/01\/18-2012-Paris.pdf\" target=\"_blank\" title=\"Catalogue &#8211; 2012 Paris\"><img loading=\"lazy\" decoding=\"async\" src=\"https:\/\/mariabofill.com\/en\/wp-content\/uploads\/sites\/1\/2016\/04\/Espona-catalog.jpg\" alt=\"Catalogue &#8211; 2012 Paris\" width=\"380\" height=\"380\" \/><span class=\"su-custom-gallery-title\">Catalogue &#8211; 2012 Paris<\/span><\/a><\/div><div class=\"su-custom-gallery-slide\" style=\"width:380px;height:380px\"><a href=\"http:\/\/mariabofill.com\/en\/wp-content\/uploads\/sites\/1\/2016\/01\/17-Catalogo-Maria-Bofill-2011-09-26.pdf\" target=\"_blank\" title=\"Catalogue &#8211; Maria Bofill 2011-09-26\"><img loading=\"lazy\" decoding=\"async\" src=\"https:\/\/mariabofill.com\/en\/wp-content\/uploads\/sites\/1\/2016\/02\/17a-Catalogo-Maria-Bofill-2011-09-26.jpg\" alt=\"Catalogue &#8211; Maria Bofill 2011-09-26\" width=\"380\" height=\"380\" \/><span class=\"su-custom-gallery-title\">Catalogue &#8211; Maria Bofill 2011-09-26<\/span><\/a><\/div><div class=\"su-custom-gallery-slide\" style=\"width:380px;height:380px\"><a href=\"http:\/\/mariabofill.com\/en\/wp-content\/uploads\/sites\/1\/2016\/01\/15-16-Maria-Bofill-I-lart-de-Porcellana-2010-2011.pdf\" target=\"_blank\" title=\"Catalogue &#8211; Maria Bofill I l&#8217;art de Porcellana 2010 -2011\"><img loading=\"lazy\" decoding=\"async\" src=\"https:\/\/mariabofill.com\/en\/wp-content\/uploads\/sites\/1\/2016\/02\/15-16-Maria-Bofill-I-lart-de-Porcellana-2010-2011-e1456680861891.jpg\" alt=\"Catalogue &#8211; Maria Bofill I l&#8217;art de Porcellana 2010 -2011\" width=\"380\" height=\"380\" \/><span class=\"su-custom-gallery-title\">Catalogue &#8211; Maria Bofill I l&#8217;art de Porcellana 2010 -2011<\/span><\/a><\/div><div class=\"su-custom-gallery-slide\" style=\"width:380px;height:380px\"><a><img loading=\"lazy\" decoding=\"async\" src=\"https:\/\/mariabofill.com\/en\/wp-content\/uploads\/sites\/1\/2016\/02\/14-Catalog-Espai-Foc-2008-e1456681365599.jpg\" alt=\"Catalogue &#8211; Espai Foc 2008\" width=\"380\" height=\"380\" \/><span class=\"su-custom-gallery-title\">Catalogue &#8211; Espai Foc 2008<\/span><\/a><\/div><div class=\"su-custom-gallery-slide\" style=\"width:380px;height:380px\"><a><img loading=\"lazy\" decoding=\"async\" src=\"https:\/\/mariabofill.com\/en\/wp-content\/uploads\/sites\/1\/2016\/02\/13-Catalog-laberints-museu-del-c\u00e0ntir-Argentona-3-8-03-to-11-9-03-.jpg\" alt=\"Catalogue &#8211; Laberints museu del c\u00e0ntir Argentona 3-8-03  to  11-9-03\" width=\"380\" height=\"380\" \/><span class=\"su-custom-gallery-title\">Catalogue &#8211; Laberints museu del c\u00e0ntir Argentona 3-8-03  to  11-9-03<\/span><\/a><\/div><div class=\"su-custom-gallery-slide\" style=\"width:380px;height:380px\"><a href=\"http:\/\/mariabofill.com\/en\/wp-content\/uploads\/sites\/1\/2016\/01\/11-1998-Lisbon.pdf\" target=\"_blank\" title=\"Catalogue &#8211; 1998 Lisbon\"><img loading=\"lazy\" decoding=\"async\" src=\"https:\/\/mariabofill.com\/en\/wp-content\/uploads\/sites\/1\/2016\/02\/11-1998-Lisbon-e1456680946195.jpg\" alt=\"Catalogue &#8211; 1998 Lisbon\" width=\"380\" height=\"380\" \/><span class=\"su-custom-gallery-title\">Catalogue &#8211; 1998 Lisbon<\/span><\/a><\/div><div class=\"su-custom-gallery-slide\" style=\"width:380px;height:380px\"><a href=\"http:\/\/mariabofill.com\/en\/wp-content\/uploads\/sites\/1\/2016\/01\/09-1994-Geneve.pdf\" target=\"_blank\" title=\"Catalogue &#8211; 1994 Geneve\"><img loading=\"lazy\" decoding=\"async\" src=\"https:\/\/mariabofill.com\/en\/wp-content\/uploads\/sites\/1\/2016\/04\/Geneve-1994.jpg\" alt=\"Catalogue &#8211; 1994 Geneve\" width=\"380\" height=\"380\" \/><span class=\"su-custom-gallery-title\">Catalogue &#8211; 1994 Geneve<\/span><\/a><\/div><div class=\"su-custom-gallery-slide\" style=\"width:380px;height:380px\"><a href=\"http:\/\/mariabofill.com\/en\/wp-content\/uploads\/sites\/1\/2016\/01\/08-1993-Paris.pdf\" target=\"_blank\" title=\"Catalogue &#8211; 1993 Paris\"><img loading=\"lazy\" decoding=\"async\" src=\"https:\/\/mariabofill.com\/en\/wp-content\/uploads\/sites\/1\/2016\/04\/Paris-1993-catalogue.jpg\" alt=\"Catalogue &#8211; 1993 Paris\" width=\"380\" height=\"380\" \/><span class=\"su-custom-gallery-title\">Catalogue &#8211; 1993 Paris<\/span><\/a><\/div><div class=\"su-custom-gallery-slide\" style=\"width:380px;height:380px\"><a href=\"http:\/\/mariabofill.com\/en\/wp-content\/uploads\/sites\/1\/2016\/01\/07-1993-Madrid.pdf\" target=\"_blank\" title=\"Catalogue &#8211; 1993 Madrid\"><img loading=\"lazy\" decoding=\"async\" src=\"https:\/\/mariabofill.com\/en\/wp-content\/uploads\/sites\/1\/2016\/04\/1993-Madrid-Catalogue.jpg\" alt=\"Catalogue &#8211; 1993 Madrid\" width=\"380\" height=\"380\" \/><span class=\"su-custom-gallery-title\">Catalogue &#8211; 1993 Madrid<\/span><\/a><\/div><div class=\"su-custom-gallery-slide\" style=\"width:380px;height:380px\"><a href=\"http:\/\/mariabofill.com\/en\/wp-content\/uploads\/sites\/1\/2016\/01\/06-1991-Bruxelles.pdf\" target=\"_blank\" title=\"Catalogue &#8211; 1991 Bruxelles\"><img loading=\"lazy\" decoding=\"async\" src=\"https:\/\/mariabofill.com\/en\/wp-content\/uploads\/sites\/1\/2016\/02\/06-1991-Bruxelles-e1456681101317.jpg\" alt=\"Catalogue &#8211; 1991 Bruxelles\" width=\"380\" height=\"380\" \/><span class=\"su-custom-gallery-title\">Catalogue &#8211; 1991 Bruxelles<\/span><\/a><\/div><div class=\"su-custom-gallery-slide\" style=\"width:380px;height:380px\"><a href=\"http:\/\/mariabofill.com\/wp-content\/uploads\/2016\/01\/03-Artur-Ramon-1989.pdf\" target=\"_blank\" title=\"Catalogue &#8211; Artur Ramon 1989\"><img loading=\"lazy\" decoding=\"async\" src=\"https:\/\/mariabofill.com\/en\/wp-content\/uploads\/sites\/1\/2016\/04\/Artur-Ramon-1989.jpg\" alt=\"Catalogue &#8211; Artur Ramon 1989\" width=\"380\" height=\"380\" \/><span class=\"su-custom-gallery-title\">Catalogue &#8211; Artur Ramon 1989<\/span><\/a><\/div><div class=\"su-custom-gallery-slide\" style=\"width:380px;height:380px\"><a href=\"http:\/\/mariabofill.com\/en\/wp-content\/uploads\/sites\/1\/2016\/01\/02-Museu-de-Cer\u00e0mica-catalogue-85-86-Maria-Bofill.pdf\" target=\"_blank\" title=\"Catalogue &#8211; Museu de Cer\u00e0mica  catalogue 85-86 Maria Bofill\"><img loading=\"lazy\" decoding=\"async\" src=\"https:\/\/mariabofill.com\/en\/wp-content\/uploads\/sites\/1\/2016\/02\/02-Museu-de-Cer\u00e0mica-catalogue-85-86-Maria-Bofill-e1456681185266.jpg\" alt=\"Catalogue &#8211; Museu de Cer\u00e0mica  catalogue 85-86 Maria Bofill\" width=\"380\" height=\"380\" \/><span class=\"su-custom-gallery-title\">Catalogue &#8211; Museu de Cer\u00e0mica  catalogue 85-86 Maria Bofill<\/span><\/a><\/div><div class=\"su-custom-gallery-slide\" style=\"width:380px;height:380px\"><a href=\"http:\/\/mariabofill.com\/en\/wp-content\/uploads\/sites\/1\/2016\/01\/01-1980-1981-Museu-de-Ceramica.pdf\" target=\"_blank\" title=\"Catalogue &#8211; 1980 -1981 Museu de Ceramica\"><img loading=\"lazy\" decoding=\"async\" src=\"https:\/\/mariabofill.com\/en\/wp-content\/uploads\/sites\/1\/2016\/02\/01-1980-1981-Museu-de-Ceramica-e1456681209427.jpg\" alt=\"Catalogue &#8211; 1980 -1981 Museu de Ceramica\" width=\"380\" height=\"380\" \/><span class=\"su-custom-gallery-title\">Catalogue &#8211; 1980 -1981 Museu de Ceramica<\/span><\/a><\/div><div class=\"su-clear\"><\/div><\/div>\n","protected":false},"excerpt":{"rendered":"","protected":false},"author":1,"featured_media":0,"parent":0,"menu_order":0,"comment_status":"closed","ping_status":"closed","template":"","meta":{"_vp_format_video_url":"","_vp_image_focal_point":[],"footnotes":""},"categories":[],"tags":[],"class_list":["post-256","page","type-page","status-publish","hentry","entry"],"_links":{"self":[{"href":"https:\/\/mariabofill.com\/en\/wp-json\/wp\/v2\/pages\/256"}],"collection":[{"href":"https:\/\/mariabofill.com\/en\/wp-json\/wp\/v2\/pages"}],"about":[{"href":"https:\/\/mariabofill.com\/en\/wp-json\/wp\/v2\/types\/page"}],"author":[{"embeddable":true,"href":"https:\/\/mariabofill.com\/en\/wp-json\/wp\/v2\/users\/1"}],"replies":[{"embeddable":true,"href":"https:\/\/mariabofill.com\/en\/wp-json\/wp\/v2\/comments?post=256"}],"version-history":[{"count":0,"href":"https:\/\/mariabofill.com\/en\/wp-json\/wp\/v2\/pages\/256\/revisions"}],"wp:attachment":[{"href":"https:\/\/mariabofill.com\/en\/wp-json\/wp\/v2\/media?parent=256"}],"wp:term":[{"taxonomy":"category","embeddable":true,"href":"https:\/\/mariabofill.com\/en\/wp-json\/wp\/v2\/categories?post=256"},{"taxonomy":"post_tag","embeddable":true,"href":"https:\/\/mariabofill.com\/en\/wp-json\/wp\/v2\/tags?post=256"}],"curies":[{"name":"wp","href":"https:\/\/api.w.org\/{rel}","templated":true}]}}