{"id":222,"date":"2016-01-27T12:36:41","date_gmt":"2016-01-27T10:36:41","guid":{"rendered":"http:\/\/new.mariabofill.com\/es\/?page_id=222"},"modified":"2016-04-24T13:13:38","modified_gmt":"2016-04-24T11:13:38","slug":"catalogos","status":"publish","type":"page","link":"https:\/\/mariabofill.com\/es\/catalogos\/","title":{"rendered":"Cat\u00e1logos"},"content":{"rendered":"<div class=\"su-custom-gallery su-custom-gallery-align-left su-custom-gallery-title-hover\"><div class=\"su-custom-gallery-slide\" style=\"width:0px;height:0px\"><a href=\"\/es\/wp-content\/uploads\/sites\/2\/2015\/11\/20-Cat\u00e1logo-maestros-de-la-cer\u00e1mica-y-sus-esculeas-Mar\u00eda-Bofil-14-11-14-to-1-2-15.pdf\" target=\"_blank\" title=\"Maestros de la cer\u00e1mica y sus esculeas, Mar\u00eda Bofil &#8211; noviembre 2014 &#8211; febrero 2015\"><img loading=\"lazy\" decoding=\"async\" src=\"https:\/\/mariabofill.com\/es\/wp-content\/uploads\/sites\/2\/2015\/11\/20-Cat\u00e1logo-maestros-de-la-cer\u00e1mica-y-sus-esculeas-Mar\u00eda-Bofil-14-11-14-to-1-2-15-e1453892166644.jpg\" alt=\"Maestros de la cer\u00e1mica y sus esculeas, Mar\u00eda Bofil &#8211; noviembre 2014 &#8211; febrero 2015\" width=\"0\" height=\"0\" \/><span class=\"su-custom-gallery-title\">Maestros de la cer\u00e1mica y sus esculeas, Mar\u00eda Bofil &#8211; noviembre 2014 &#8211; febrero 2015<\/span><\/a><\/div><div class=\"su-custom-gallery-slide\" style=\"width:0px;height:0px\"><a href=\"\/es\/wp-content\/uploads\/sites\/2\/2015\/11\/19-Maria-Bofill-INTERIOR-BAJA-2013.pdf\" target=\"_blank\" title=\"19\u00ba Certamen \u201cSan Agust\u00edn\u201d de Cer\u00e1mica Mar\u00eda Bofill: Arquitectura de paisaje &#8211; Avil\u00e9s, 9 octubre a 6 noviembre &#8211; 2013\"><img loading=\"lazy\" decoding=\"async\" src=\"https:\/\/mariabofill.com\/es\/wp-content\/uploads\/sites\/2\/2016\/04\/catalog-2013.jpg\" alt=\"19\u00ba Certamen \u201cSan Agust\u00edn\u201d de Cer\u00e1mica Mar\u00eda Bofill: Arquitectura de paisaje &#8211; Avil\u00e9s, 9 octubre a 6 noviembre &#8211; 2013\" width=\"0\" height=\"0\" \/><span class=\"su-custom-gallery-title\">19\u00ba Certamen \u201cSan Agust\u00edn\u201d de Cer\u00e1mica Mar\u00eda Bofill: Arquitectura de paisaje &#8211; Avil\u00e9s, 9 octubre a 6 noviembre &#8211; 2013<\/span><\/a><\/div><div class=\"su-custom-gallery-slide\" style=\"width:0px;height:0px\"><a href=\"\/es\/wp-content\/uploads\/sites\/2\/2015\/11\/18-2012-Paris.pdf\" target=\"_blank\" title=\"Architecture du paysage &#8211; Maria Bofill &#8211; Arco Terre, Paris &#8211; 30 mayo a 23 junio 2012\"><img loading=\"lazy\" decoding=\"async\" src=\"https:\/\/mariabofill.com\/es\/wp-content\/uploads\/sites\/2\/2016\/04\/Espona-catalog.jpg\" alt=\"Architecture du paysage &#8211; Maria Bofill &#8211; Arco Terre, Paris &#8211; 30 mayo a 23 junio 2012\" width=\"0\" height=\"0\" \/><span class=\"su-custom-gallery-title\">Architecture du paysage &#8211; Maria Bofill &#8211; Arco Terre, Paris &#8211; 30 mayo a 23 junio 2012<\/span><\/a><\/div><div class=\"su-custom-gallery-slide\" style=\"width:0px;height:0px\"><a href=\"\/es\/wp-content\/uploads\/sites\/2\/2015\/11\/17-Catalogo-Maria-Bofill-2011-09-26.pdf\" target=\"_blank\" title=\"Maria Bofill cer\u00e1mica &#8211; Espacio Jordana Madrid &#8211; noviembre 2011 a enero 2012\"><img loading=\"lazy\" decoding=\"async\" src=\"https:\/\/mariabofill.com\/es\/wp-content\/uploads\/sites\/2\/2015\/11\/17a-Catalogo-Maria-Bofill-2011-09-26.jpg\" alt=\"Maria Bofill cer\u00e1mica &#8211; Espacio Jordana Madrid &#8211; noviembre 2011 a enero 2012\" width=\"0\" height=\"0\" \/><span class=\"su-custom-gallery-title\">Maria Bofill cer\u00e1mica &#8211; Espacio Jordana Madrid &#8211; noviembre 2011 a enero 2012<\/span><\/a><\/div><div class=\"su-custom-gallery-slide\" style=\"width:0px;height:0px\"><a href=\"\/es\/wp-content\/uploads\/sites\/2\/2015\/11\/15-16-Maria-Bofill-I-lart-de-Porcellana-2010-2011.pdf\" target=\"_blank\" title=\"Maria Bofill I l&#8217;art de Porcellana &#8211; Museu de Cer\u00e0mica Barcelona junio &#8211; octubre 2010 &#8211; Museo Nacional de Cer\u00e0mica y Artes Sutarias Gonz\u00e1lez Mart\u00ed. Valencia octubre 2010 &#8211; enero 2011\"><img loading=\"lazy\" decoding=\"async\" src=\"https:\/\/mariabofill.com\/es\/wp-content\/uploads\/sites\/2\/2015\/11\/15-16-Maria-Bofill-I-lart-de-Porcellana-2010-2011-e1453892366315.jpg\" alt=\"Maria Bofill I l&#8217;art de Porcellana &#8211; Museu de Cer\u00e0mica Barcelona junio &#8211; octubre 2010 &#8211; Museo Nacional de Cer\u00e0mica y Artes Sutarias Gonz\u00e1lez Mart\u00ed. Valencia octubre 2010 &#8211; enero 2011\" width=\"0\" height=\"0\" \/><span class=\"su-custom-gallery-title\">Maria Bofill I l&#8217;art de Porcellana &#8211; Museu de Cer\u00e0mica Barcelona junio &#8211; octubre 2010 &#8211; Museo Nacional de Cer\u00e0mica y Artes Sutarias Gonz\u00e1lez Mart\u00ed. Valencia octubre 2010 &#8211; enero 2011<\/span><\/a><\/div><div class=\"su-custom-gallery-slide\" style=\"width:0px;height:0px\"><a href=\"\/es\/wp-content\/uploads\/sites\/2\/2015\/11\/14-Catalog-Espai-Foc-2008.pdf\" target=\"_blank\" title=\"Espai Foc &#8211; Cal Ventura Sabadell octubre 2008\"><img loading=\"lazy\" decoding=\"async\" src=\"https:\/\/mariabofill.com\/es\/wp-content\/uploads\/sites\/2\/2015\/11\/14-Catalog-Espai-Foc-2008-e1453892415396.jpg\" alt=\"Espai Foc &#8211; Cal Ventura Sabadell octubre 2008\" width=\"0\" height=\"0\" \/><span class=\"su-custom-gallery-title\">Espai Foc &#8211; Cal Ventura Sabadell octubre 2008<\/span><\/a><\/div><div class=\"su-custom-gallery-slide\" style=\"width:0px;height:0px\"><a href=\"\/es\/wp-content\/uploads\/sites\/2\/2015\/11\/13-Catalog-laberints-museu-del-c\u00e0ntir-Argentona-3-8-03-to-11-9-03-.pdf\" target=\"_blank\" title=\"Laberints &#8211; Museu del c\u00e0ntir Argentona &#8211; agosto  &#8211; setembre 2003\"><img loading=\"lazy\" decoding=\"async\" src=\"https:\/\/mariabofill.com\/es\/wp-content\/uploads\/sites\/2\/2015\/11\/13-Catalog-laberints-museu-del-c\u00e0ntir-Argentona-3-8-03-to-11-9-03-.jpg\" alt=\"Laberints &#8211; Museu del c\u00e0ntir Argentona &#8211; agosto  &#8211; setembre 2003\" width=\"0\" height=\"0\" \/><span class=\"su-custom-gallery-title\">Laberints &#8211; Museu del c\u00e0ntir Argentona &#8211; agosto  &#8211; setembre 2003<\/span><\/a><\/div><div class=\"su-custom-gallery-slide\" style=\"width:0px;height:0px\"><a href=\"\/es\/wp-content\/uploads\/sites\/2\/2015\/11\/11-1998-Lisbon.pdf\" target=\"_blank\" title=\"Museu Nacional do Azulejo Lisbon &#8211; 27 enero &#8211; 26 abril 1998\"><img loading=\"lazy\" decoding=\"async\" src=\"https:\/\/mariabofill.com\/es\/wp-content\/uploads\/sites\/2\/2015\/11\/11-1998-Lisbon-e1453896315658.jpg\" alt=\"Museu Nacional do Azulejo Lisbon &#8211; 27 enero &#8211; 26 abril 1998\" width=\"0\" height=\"0\" \/><span class=\"su-custom-gallery-title\">Museu Nacional do Azulejo Lisbon &#8211; 27 enero &#8211; 26 abril 1998<\/span><\/a><\/div><div class=\"su-custom-gallery-slide\" style=\"width:0px;height:0px\"><a href=\"\/es\/wp-content\/uploads\/sites\/2\/2015\/11\/09-1994-Geneve.pdf\" target=\"_blank\" title=\"Galerie Marianne Brand &#8211; Gen\u00e8ve &#8211; septiembre 1994\"><img loading=\"lazy\" decoding=\"async\" src=\"https:\/\/mariabofill.com\/es\/wp-content\/uploads\/sites\/2\/2016\/04\/Geneve-1994.jpg\" alt=\"Galerie Marianne Brand &#8211; Gen\u00e8ve &#8211; septiembre 1994\" width=\"0\" height=\"0\" \/><span class=\"su-custom-gallery-title\">Galerie Marianne Brand &#8211; Gen\u00e8ve &#8211; septiembre 1994<\/span><\/a><\/div><div class=\"su-custom-gallery-slide\" style=\"width:0px;height:0px\"><a href=\"\/es\/wp-content\/uploads\/sites\/2\/2015\/11\/08-1993-Paris.pdf\" target=\"_blank\" title=\"Galerie EPONA Paris mayo a junio 1993\"><img loading=\"lazy\" decoding=\"async\" src=\"https:\/\/mariabofill.com\/es\/wp-content\/uploads\/sites\/2\/2016\/04\/Paris-1993-catalogue.jpg\" alt=\"Galerie EPONA Paris mayo a junio 1993\" width=\"0\" height=\"0\" \/><span class=\"su-custom-gallery-title\">Galerie EPONA Paris mayo a junio 1993<\/span><\/a><\/div><div class=\"su-custom-gallery-slide\" style=\"width:0px;height:0px\"><a href=\"\/es\/wp-content\/uploads\/sites\/2\/2015\/11\/07-1993-Madrid.pdf\" target=\"_blank\" title=\"Galeria Sargadelos &#8211; Madrid &#8211; febrero a marzo 1993\"><img loading=\"lazy\" decoding=\"async\" src=\"https:\/\/mariabofill.com\/es\/wp-content\/uploads\/sites\/2\/2016\/04\/1993-Madrid-Catalogue-1.jpg\" alt=\"Galeria Sargadelos &#8211; Madrid &#8211; febrero a marzo 1993\" width=\"0\" height=\"0\" \/><span class=\"su-custom-gallery-title\">Galeria Sargadelos &#8211; Madrid &#8211; febrero a marzo 1993<\/span><\/a><\/div><div class=\"su-custom-gallery-slide\" style=\"width:0px;height:0px\"><a href=\"\/es\/wp-content\/uploads\/sites\/2\/2015\/11\/06-1991-Bruxelles.pdf\" target=\"_blank\" title=\"Galerie Argile &#8211; Bruxelles &#8211; febrero a marzo 1991\"><img loading=\"lazy\" decoding=\"async\" src=\"https:\/\/mariabofill.com\/es\/wp-content\/uploads\/sites\/2\/2015\/11\/06-1991-Bruxelles-e1453897020933.jpg\" alt=\"Galerie Argile &#8211; Bruxelles &#8211; febrero a marzo 1991\" width=\"0\" height=\"0\" \/><span class=\"su-custom-gallery-title\">Galerie Argile &#8211; Bruxelles &#8211; febrero a marzo 1991<\/span><\/a><\/div><div class=\"su-custom-gallery-slide\" style=\"width:0px;height:0px\"><a href=\"http:\/\/mariabofill.com\/wp-content\/uploads\/2016\/01\/03-Artur-Ramon-1989.pdf\" target=\"_blank\" title=\"Sala d&#8217;Art &#8211; Artur Ramon Barcelona &#8211; septiembre 1989\"><img loading=\"lazy\" decoding=\"async\" src=\"https:\/\/mariabofill.com\/es\/wp-content\/uploads\/sites\/2\/2016\/04\/Artur-Ramon-1989.jpg\" alt=\"Sala d&#8217;Art &#8211; Artur Ramon Barcelona &#8211; septiembre 1989\" width=\"0\" height=\"0\" \/><span class=\"su-custom-gallery-title\">Sala d&#8217;Art &#8211; Artur Ramon Barcelona &#8211; septiembre 1989<\/span><\/a><\/div><div class=\"su-custom-gallery-slide\" style=\"width:0px;height:0px\"><a href=\"\/es\/wp-content\/uploads\/sites\/2\/2015\/11\/02-Museu-de-Cer\u00e0mica-catalogue-85-86-Maria-Bofill.pdf\" target=\"_blank\" title=\"Museu de Cer\u00e0mica &#8211;  Barcelona 1985 &#8211; 1986\"><img loading=\"lazy\" decoding=\"async\" src=\"https:\/\/mariabofill.com\/es\/wp-content\/uploads\/sites\/2\/2015\/11\/02-Museu-de-Cer\u00e0mica-catalogue-85-86-Maria-Bofill-e1453897777364.jpg\" alt=\"Museu de Cer\u00e0mica &#8211;  Barcelona 1985 &#8211; 1986\" width=\"0\" height=\"0\" \/><span class=\"su-custom-gallery-title\">Museu de Cer\u00e0mica &#8211;  Barcelona 1985 &#8211; 1986<\/span><\/a><\/div><div class=\"su-custom-gallery-slide\" style=\"width:0px;height:0px\"><a href=\"\/es\/wp-content\/uploads\/sites\/2\/2015\/11\/01-1980-1981-Museu-de-Ceramica.pdf\" target=\"_blank\" title=\"Museu de Ceramica, Barcelona &#8211; diciembre 1980 a enero 1981\"><img loading=\"lazy\" decoding=\"async\" src=\"https:\/\/mariabofill.com\/es\/wp-content\/uploads\/sites\/2\/2015\/11\/01-1980-1981-Museu-de-Ceramica-e1453897896858.jpg\" alt=\"Museu de Ceramica, Barcelona &#8211; diciembre 1980 a enero 1981\" width=\"0\" height=\"0\" \/><span class=\"su-custom-gallery-title\">Museu de Ceramica, Barcelona &#8211; diciembre 1980 a enero 1981<\/span><\/a><\/div><div class=\"su-clear\"><\/div><\/div>\n","protected":false},"excerpt":{"rendered":"","protected":false},"author":1,"featured_media":0,"parent":0,"menu_order":0,"comment_status":"closed","ping_status":"closed","template":"","meta":{"_vp_format_video_url":"","_vp_image_focal_point":[],"footnotes":""},"categories":[],"tags":[],"class_list":["post-222","page","type-page","status-publish","hentry","entry"],"_links":{"self":[{"href":"https:\/\/mariabofill.com\/es\/wp-json\/wp\/v2\/pages\/222"}],"collection":[{"href":"https:\/\/mariabofill.com\/es\/wp-json\/wp\/v2\/pages"}],"about":[{"href":"https:\/\/mariabofill.com\/es\/wp-json\/wp\/v2\/types\/page"}],"author":[{"embeddable":true,"href":"https:\/\/mariabofill.com\/es\/wp-json\/wp\/v2\/users\/1"}],"replies":[{"embeddable":true,"href":"https:\/\/mariabofill.com\/es\/wp-json\/wp\/v2\/comments?post=222"}],"version-history":[{"count":0,"href":"https:\/\/mariabofill.com\/es\/wp-json\/wp\/v2\/pages\/222\/revisions"}],"wp:attachment":[{"href":"https:\/\/mariabofill.com\/es\/wp-json\/wp\/v2\/media?parent=222"}],"wp:term":[{"taxonomy":"category","embeddable":true,"href":"https:\/\/mariabofill.com\/es\/wp-json\/wp\/v2\/categories?post=222"},{"taxonomy":"post_tag","embeddable":true,"href":"https:\/\/mariabofill.com\/es\/wp-json\/wp\/v2\/tags?post=222"}],"curies":[{"name":"wp","href":"https:\/\/api.w.org\/{rel}","templated":true}]}}