{"id":287,"date":"2020-12-09T13:49:42","date_gmt":"2020-12-09T11:49:42","guid":{"rendered":"https:\/\/mariabofill.com\/es\/?page_id=287"},"modified":"2020-12-09T14:08:08","modified_gmt":"2020-12-09T12:08:08","slug":"politica-de-privacidad","status":"publish","type":"page","link":"https:\/\/mariabofill.com\/es\/politica-de-privacidad\/","title":{"rendered":"Pol\u00edtica de Privacidad"},"content":{"rendered":"<p>A Maria Bofill, accesible desde www.mariabofill.com\/es\/, una de nuestras principales prioridades es la privacidad de nuestros visitantes. Este documento contiene la Pol\u00edtica de Privacidad tipos de informaci\u00f3n que se recoge y queda grabada por Maria Bofill y c\u00f3mo la utilizamos. Si tiene m\u00e1s preguntas o necesita m\u00e1s informaci\u00f3n acerca de nuestra pol\u00edtica de privacidad, no dude en ponerse en contacto con nosotros.<\/p>\n<h2 style=\"font-family: 'Montserrat',cursive;\">Archivos de registro<\/h2>\n<p>Maria Bofill sigue un procedimiento est\u00e1ndar de la utilizaci\u00f3n de archivos de registro. Estos archivos de registro de visitantes cuando visitan sitios web. Todas las empresas de alojamiento hacen esto y una parte de alojamiento de servicios de an\u00e1lisis. La informaci\u00f3n recogida por los archivos de registro incluye direcciones de protocolo de Internet (IP), tipo de navegador, proveedor de servicios de Internet (ISP), fecha y hora, p\u00e1ginas de referencia \/ salida, y posiblemente el n\u00famero de clics. Estos no est\u00e1n vinculados a ninguna informaci\u00f3n que sea personalmente identificable. El prop\u00f3sito de la informaci\u00f3n es para analizar las tendencias, administrar el sitio, rastrear el movimiento de los usuarios en el sitio web y recopilar informaci\u00f3n demogr\u00e1fica. Nuestra pol\u00edtica de privacidad fue creado con la ayuda\u00a0 generador de <a style=\"color: blue;\" href=\"https:\/\/www.privacypolicyonline.com\/privacy-policy-generator\/\">Pol\u00edtica de privacidad<\/a>.<\/p>\n<h2 style=\"font-family: 'Montserrat',cursive;\">Cookies y Web Beacons<\/h2>\n<p>Al igual que cualquier otro sitio Web, Maria Bofill utiliza &#8216;cookies&#8217;. Estas cookies se utilizan para almacenar informaci\u00f3n incluyendo preferencias de los visitantes y las p\u00e1ginas del sitio web que el visitante accede o visit\u00f3. La informaci\u00f3n se utiliza para optimizar la experiencia mediante la personalizaci\u00f3n de nuestra p\u00e1gina web de contenido basado en los visitantes de los usuarios el tipo de navegador y\/u otra informaci\u00f3n. Para m\u00e1s informaci\u00f3n general sobre las cookies, por favor, lea el \u00ab\u00bfQu\u00e9 son las cookies\u00bb en el sito web de las <a style=\"color: blue;\" href=\"https:\/\/www.cookieconsent.com\/what-are-cookies\/\">Cookies de Consentimiento<\/a>.<\/p>\n<h2 style=\"font-family: 'Montserrat',cursive;\">Pol\u00edticas de privacidad<\/h2>\n<p>Puede consultar esta lista para encontrar la pol\u00edtica de privacidad para cada uno de los socios de publicidad de Maria Bofill. Terceros servidores de anuncios o redes de anuncios utiliza tecnolog\u00edas como cookies, JavaScript o Web Beacons que se utilizan en sus respectivos anuncios y enlaces que aparecen en Maria Bofill, que se env\u00edan directamente al navegador del usuario. Ellos reciben autom\u00e1ticamente su direcci\u00f3n IP cuando esto ocurre. Estas tecnolog\u00edas se utilizan para medir la efectividad de sus campa\u00f1as de publicidad y\/o para personalizar el contenido publicitario que se ve en los sitios web que visite. Tenga en cuenta que el Maria Bofill no tiene acceso ni control sobre esas cookies que son utilizados por los anunciantes de terceros.<\/p>\n<h2 style=\"font-family: 'Montserrat',cursive;\">Pol\u00edticas de privacidad de terceros<\/h2>\n<p>Pol\u00edtica de privacidad de Maria Bofill no se aplica a otros anunciantes o sitios web. Por lo tanto, te informamos que consultar las respectivas pol\u00edticas de privacidad de estos servidores de anuncios de terceros para obtener informaci\u00f3n m\u00e1s detallada. Puede incluir sus pr\u00e1cticas e instrucciones acerca de c\u00f3mo optar por no determinadas opciones. Puede optar por desactivar las cookies a trav\u00e9s de opciones de su navegador. Para conocer informaci\u00f3n m\u00e1s detallada sobre la gesti\u00f3n de cookies en los navegadores web espec\u00edficos, que se puede encontrar en sitios web de los respectivos navegadores. \u00bfQu\u00e9 son las cookies?<\/p>\n<h2 style=\"font-family: 'Montserrat',cursive;\">Informaci\u00f3n de ni\u00f1os<\/h2>\n<p>Otra parte de nuestra prioridad es la adici\u00f3n de protecci\u00f3n para los ni\u00f1os, mientras que el uso de Internet. Recomendamos a los padres y tutores para observar, participar y \/ o controlar y guiar su actividad en l\u00ednea. Maria Bofill no recogemos ninguna informaci\u00f3n personal identificable de ni\u00f1os menores de 13. Si usted piensa que su hijo proporciona este tipo de informaci\u00f3n en nuestro sitio web, le recomendamos que ponerse en contacto con nosotros inmediatamente y haremos nuestros mejores esfuerzos para eliminar r\u00e1pidamente dicha informaci\u00f3n de nuestros registros.<\/p>\n<h2 style=\"font-family: 'Montserrat',cursive;\">S\u00f3lo en l\u00ednea Pol\u00edtica de privacidad<\/h2>\n<p>Esta pol\u00edtica de privacidad se aplica \u00fanicamente a nuestras actividades en l\u00ednea y es v\u00e1lida para los visitantes de nuestra p\u00e1gina web con respecto a la informaci\u00f3n que comparten y\/o cobro revertido en el Maria Bofill. Esta pol\u00edtica no es aplicable a cualquier informaci\u00f3n recogida fuera de l\u00ednea o por v\u00edas distintas a este sitio web.<\/p>\n<h2 style=\"font-family: 'Montserrat',cursive;\">Consentimiento<\/h2>\n<p>Al utilizar nuestro sitio web, usted acepta nuestra Pol\u00edtica de privacidad y acepta sus T\u00e9rminos y condiciones.<\/p>\n","protected":false},"excerpt":{"rendered":"<p>A Maria Bofill, accesible desde www.mariabofill.com\/es\/, una de nuestras principales prioridades es la privacidad de nuestros visitantes. Este documento contiene la Pol\u00edtica de Privacidad tipos de informaci\u00f3n que se recoge y queda grabada por Maria Bofill y c\u00f3mo la utilizamos. Si tiene m\u00e1s preguntas o necesita m\u00e1s informaci\u00f3n acerca de nuestra pol\u00edtica de privacidad, no&hellip; <a class=\"more-link\" href=\"https:\/\/mariabofill.com\/es\/politica-de-privacidad\/\">Seguir leyendo <span class=\"screen-reader-text\">Pol\u00edtica de Privacidad<\/span><\/a><\/p>\n","protected":false},"author":1,"featured_media":0,"parent":0,"menu_order":0,"comment_status":"closed","ping_status":"closed","template":"","meta":{"_vp_format_video_url":"","_vp_image_focal_point":[],"footnotes":""},"categories":[],"tags":[],"class_list":["post-287","page","type-page","status-publish","hentry","entry"],"_links":{"self":[{"href":"https:\/\/mariabofill.com\/es\/wp-json\/wp\/v2\/pages\/287"}],"collection":[{"href":"https:\/\/mariabofill.com\/es\/wp-json\/wp\/v2\/pages"}],"about":[{"href":"https:\/\/mariabofill.com\/es\/wp-json\/wp\/v2\/types\/page"}],"author":[{"embeddable":true,"href":"https:\/\/mariabofill.com\/es\/wp-json\/wp\/v2\/users\/1"}],"replies":[{"embeddable":true,"href":"https:\/\/mariabofill.com\/es\/wp-json\/wp\/v2\/comments?post=287"}],"version-history":[{"count":0,"href":"https:\/\/mariabofill.com\/es\/wp-json\/wp\/v2\/pages\/287\/revisions"}],"wp:attachment":[{"href":"https:\/\/mariabofill.com\/es\/wp-json\/wp\/v2\/media?parent=287"}],"wp:term":[{"taxonomy":"category","embeddable":true,"href":"https:\/\/mariabofill.com\/es\/wp-json\/wp\/v2\/categories?post=287"},{"taxonomy":"post_tag","embeddable":true,"href":"https:\/\/mariabofill.com\/es\/wp-json\/wp\/v2\/tags?post=287"}],"curies":[{"name":"wp","href":"https:\/\/api.w.org\/{rel}","templated":true}]}}