{"id":293,"date":"2020-12-09T14:02:41","date_gmt":"2020-12-09T12:02:41","guid":{"rendered":"https:\/\/mariabofill.com\/es\/?page_id=293"},"modified":"2020-12-09T14:06:27","modified_gmt":"2020-12-09T12:06:27","slug":"descargos-de-responsabilidad","status":"publish","type":"page","link":"https:\/\/mariabofill.com\/es\/descargos-de-responsabilidad\/","title":{"rendered":"Descargos de responsabilidad"},"content":{"rendered":"\n<p>\nSi necesita m\u00e1s informaci\u00f3n o tiene alguna pregunta sobre el descargo de responsabilidad de nuestro sitio, no dude en contactarnos por correo electr\u00f3nico a maria@mariabofill.com\/es\/.\n<\/p>\n<h2 style=\"font-family: 'Montserrat',cursive; font-weight: 400;\">Descargos de responsabilidad para Maria Bofill<\/h2>\n<p>\nToda la informaci\u00f3n en este sitio web, www.mariabofill.com, se publica de buena fe y solo con fines de informaci\u00f3n general. Maria Bofill no ofrece ninguna garant\u00eda sobre la integridad, confiabilidad y precisi\u00f3n de esta informaci\u00f3n. \n<\/p>\n<p>\nCualquier acci\u00f3n que tome sobre la informaci\u00f3n que encuentre en este sitio web (Maria Bofill), es estrictamente bajo su propio riesgo. Maria Bofill no ser\u00e1 responsable de ninguna p\u00e9rdida y\/o da\u00f1o en relaci\u00f3n con el uso de nuestro sitio web.\n<p>\n Nuestro Descargo de responsabilidad se gener\u00f3 con la ayuda del <a style=\"color: blue;\" href=\"https:\/\/www.privacypolicyonline.com\/disclaimer-generator\/\">Generador de descargo de responsabilidad<\/a> y el <a style=\"color: blue;\"  href=\"https:\/\/www.generateprivacypolicy.com\/\">Generador de pol\u00edtica de privacidad<\/a>.\n<\/p>\n<p>\nDesde nuestro sitio web, puede visitar otros sitios web siguiendo los hiperv\u00ednculos a dichos sitios externos. Si bien nos esforzamos por proporcionar solo enlaces de calidad a sitios web \u00fatiles y \u00e9ticos, no tenemos control sobre el contenido y la naturaleza de estos sitios. Estos enlaces a otros sitios web no implican una recomendaci\u00f3n para todo el contenido que se encuentra en estos sitios. Los propietarios del sitio y el contenido pueden cambiar sin previo aviso y pueden ocurrir antes de que tengamos la oportunidad de eliminar un enlace que puede haber fallado.\n<\/p>\n<p>\nTambi\u00e9n tenga en cuenta que cuando abandona nuestro sitio web, otros sitios pueden tener pol\u00edticas y t\u00e9rminos de privacidad diferentes que escapan a nuestro control. Aseg\u00farese de consultar las Pol\u00edticas de privacidad de estos sitios, as\u00ed como sus \u00abT\u00e9rminos de servicio\u00bb antes de participar en cualquier negocio o cargar cualquier informaci\u00f3n.\n<\/p>\n<h2 style=\"font-family: 'Montserrat',cursive; font-weight: 400;\">Consentimiento<\/h2>\nAl usar nuestro sitio web, usted acepta nuestro descargo de responsabilidad y acepta sus t\u00e9rminos.\n\n<h2 style=\"font-family: 'Montserrat',cursive; font-weight: 400;\">Actualizar<\/h2>\nEn caso de que actualicemos, modifiquemos o realicemos cambios en este documento, dichos cambios se publicar\u00e1n de forma destacada aqu\u00ed.\n","protected":false},"excerpt":{"rendered":"<p>Si necesita m\u00e1s informaci\u00f3n o tiene alguna pregunta sobre el descargo de responsabilidad de nuestro sitio, no dude en contactarnos por correo electr\u00f3nico a maria@mariabofill.com\/es\/. Descargos de responsabilidad para Maria Bofill Toda la informaci\u00f3n en este sitio web, www.mariabofill.com, se publica de buena fe y solo con fines de informaci\u00f3n general. Maria Bofill no ofrece&hellip; <a class=\"more-link\" href=\"https:\/\/mariabofill.com\/es\/descargos-de-responsabilidad\/\">Seguir leyendo <span class=\"screen-reader-text\">Descargos de responsabilidad<\/span><\/a><\/p>\n","protected":false},"author":1,"featured_media":0,"parent":0,"menu_order":0,"comment_status":"closed","ping_status":"closed","template":"","meta":{"_vp_format_video_url":"","_vp_image_focal_point":[],"footnotes":""},"categories":[],"tags":[],"class_list":["post-293","page","type-page","status-publish","hentry","entry"],"_links":{"self":[{"href":"https:\/\/mariabofill.com\/es\/wp-json\/wp\/v2\/pages\/293"}],"collection":[{"href":"https:\/\/mariabofill.com\/es\/wp-json\/wp\/v2\/pages"}],"about":[{"href":"https:\/\/mariabofill.com\/es\/wp-json\/wp\/v2\/types\/page"}],"author":[{"embeddable":true,"href":"https:\/\/mariabofill.com\/es\/wp-json\/wp\/v2\/users\/1"}],"replies":[{"embeddable":true,"href":"https:\/\/mariabofill.com\/es\/wp-json\/wp\/v2\/comments?post=293"}],"version-history":[{"count":0,"href":"https:\/\/mariabofill.com\/es\/wp-json\/wp\/v2\/pages\/293\/revisions"}],"wp:attachment":[{"href":"https:\/\/mariabofill.com\/es\/wp-json\/wp\/v2\/media?parent=293"}],"wp:term":[{"taxonomy":"category","embeddable":true,"href":"https:\/\/mariabofill.com\/es\/wp-json\/wp\/v2\/categories?post=293"},{"taxonomy":"post_tag","embeddable":true,"href":"https:\/\/mariabofill.com\/es\/wp-json\/wp\/v2\/tags?post=293"}],"curies":[{"name":"wp","href":"https:\/\/api.w.org\/{rel}","templated":true}]}}